{"id":36,"date":"2022-04-02T19:38:25","date_gmt":"2022-04-02T17:38:25","guid":{"rendered":"http:\/\/testakw.dkonto.pl\/?page_id=36"},"modified":"2022-04-02T19:44:40","modified_gmt":"2022-04-02T17:44:40","slug":"strona-glowna","status":"publish","type":"page","link":"https:\/\/testakw.dkonto.pl\/","title":{"rendered":"strona g\u0142\u00f3wna"},"content":{"rendered":"\n<div class=\"wp-block-media-text alignwide is-stacked-on-mobile\"><figure class=\"wp-block-media-text__media\"><img loading=\"lazy\" decoding=\"async\" width=\"760\" height=\"1024\" src=\"http:\/\/testakw.dkonto.pl\/wp-content\/uploads\/2022\/04\/aneta-760x1024.jpeg\" alt=\"\" class=\"wp-image-40 size-full\" srcset=\"https:\/\/testakw.dkonto.pl\/wp-content\/uploads\/2022\/04\/aneta-760x1024.jpeg 760w, https:\/\/testakw.dkonto.pl\/wp-content\/uploads\/2022\/04\/aneta-223x300.jpeg 223w, https:\/\/testakw.dkonto.pl\/wp-content\/uploads\/2022\/04\/aneta-768x1034.jpeg 768w, https:\/\/testakw.dkonto.pl\/wp-content\/uploads\/2022\/04\/aneta.jpeg 1000w\" sizes=\"auto, (max-width: 760px) 100vw, 760px\" \/><\/figure><div class=\"wp-block-media-text__content\">\n<p class=\"has-large-font-size\">Cze\u015b\u0107 tu Aneta, <\/p>\n\n\n\n<p>zrobi\u0119 stron\u0119 internetow\u0105, przygotuje social media i zajm\u0119 si\u0119 marketingiem<\/p>\n<\/div><\/div>\n","protected":false},"excerpt":{"rendered":"<p>Cze\u015b\u0107 tu Aneta, zrobi\u0119 stron\u0119 internetow\u0105, przygotuje social media i zajm\u0119 si\u0119 marketingiem<\/p>\n","protected":false},"author":1,"featured_media":0,"parent":0,"menu_order":0,"comment_status":"closed","ping_status":"closed","template":"","meta":{"footnotes":""},"class_list":["post-36","page","type-page","status-publish","hentry","entry"],"_links":{"self":[{"href":"https:\/\/testakw.dkonto.pl\/index.php\/wp-json\/wp\/v2\/pages\/36","targetHints":{"allow":["GET"]}}],"collection":[{"href":"https:\/\/testakw.dkonto.pl\/index.php\/wp-json\/wp\/v2\/pages"}],"about":[{"href":"https:\/\/testakw.dkonto.pl\/index.php\/wp-json\/wp\/v2\/types\/page"}],"author":[{"embeddable":true,"href":"https:\/\/testakw.dkonto.pl\/index.php\/wp-json\/wp\/v2\/users\/1"}],"replies":[{"embeddable":true,"href":"https:\/\/testakw.dkonto.pl\/index.php\/wp-json\/wp\/v2\/comments?post=36"}],"version-history":[{"count":4,"href":"https:\/\/testakw.dkonto.pl\/index.php\/wp-json\/wp\/v2\/pages\/36\/revisions"}],"predecessor-version":[{"id":45,"href":"https:\/\/testakw.dkonto.pl\/index.php\/wp-json\/wp\/v2\/pages\/36\/revisions\/45"}],"wp:attachment":[{"href":"https:\/\/testakw.dkonto.pl\/index.php\/wp-json\/wp\/v2\/media?parent=36"}],"curies":[{"name":"wp","href":"https:\/\/api.w.org\/{rel}","templated":true}]}}